{"id":1211,"date":"2022-02-28T10:36:09","date_gmt":"2022-02-28T08:36:09","guid":{"rendered":"https:\/\/augustabarcelona.com\/appartements\/"},"modified":"2022-02-28T10:36:10","modified_gmt":"2022-02-28T08:36:10","slug":"appartements","status":"publish","type":"page","link":"https:\/\/augustabarcelona.com\/fr?page_id=1211","title":{"rendered":"Appartements"},"content":{"rendered":"\n<section class=\"wp-block-group alignwide carousColmInt is-layout-flow wp-block-group-is-layout-flow\">\n<section class=\"wp-block-group alignwide caixaApartGr is-layout-flow wp-block-group-is-layout-flow\">\n<div class=\"wp-block-columns is-layout-flex wp-container-core-columns-is-layout-28f84493 wp-block-columns-is-layout-flex\">\n<div class=\"wp-block-column is-layout-flow wp-block-column-is-layout-flow\" style=\"flex-basis:35%\">\n<h2 class=\"wp-block-heading\">Appartements<\/h2>\n\n\n\n<p>Profitez de l&rsquo;h\u00e9bergement dans cet aparthotel.<\/p>\n<\/div>\n\n\n\n<div class=\"wp-block-column is-layout-flow wp-block-column-is-layout-flow\" style=\"flex-basis:65%\">\n<figure class=\"wp-block-image size-large imgAmag\"><img loading=\"lazy\" decoding=\"async\" width=\"1024\" height=\"683\" src=\"https:\/\/augustabarcelona.com\/wp-content\/uploads\/2022\/01\/augusta-apart-gen-1024x683.jpg\" alt=\"\" class=\"wp-image-486\" srcset=\"https:\/\/augustabarcelona.com\/wp-content\/uploads\/2022\/01\/augusta-apart-gen-1024x683.jpg 1024w, https:\/\/augustabarcelona.com\/wp-content\/uploads\/2022\/01\/augusta-apart-gen-300x200.jpg 300w, https:\/\/augustabarcelona.com\/wp-content\/uploads\/2022\/01\/augusta-apart-gen-768x512.jpg 768w, https:\/\/augustabarcelona.com\/wp-content\/uploads\/2022\/01\/augusta-apart-gen-1536x1024.jpg 1536w, https:\/\/augustabarcelona.com\/wp-content\/uploads\/2022\/01\/augusta-apart-gen.jpg 1680w\" sizes=\"auto, (max-width: 1024px) 100vw, 1024px\" \/><\/figure><\/div>\n<\/div>\n<\/section>\n\n\n\n<div style=\"height:280px\" aria-hidden=\"true\" class=\"wp-block-spacer imgAmag\"><\/div>\n\n\n\n<div style=\"height:20px\" aria-hidden=\"true\" class=\"wp-block-spacer\"><\/div>\n\n\n\n<style id=\"sp_pcp_dynamic_style478\">#pcp_wrapper-478:not(.sps-glossary-layout) .sp-pcp-row,#pcp_wrapper-478 .sps-glossary-items-group .sps-glossary-items-content {margin-right: -10px;margin-left: -10px;}#pcp_wrapper-478 .sp-pcp-row [class*='sp-pcp-col-']{padding-right: 10px;padding-left: 10px; padding-bottom:20px;}.pcp-wrapper-478 .sp-pcp-title a {color: #111;display: inherit;} .pcp-wrapper-478 .sp-pcp-title a:hover {color: ;}.pcp-wrapper-478 .sp-pcp-post-content{color: #0a0a0a; }#pcp_wrapper-478 .sp-pcp-post {padding: 0 0 0 0;}#pcp_wrapper-478.sp-slider_layout .sp-pcp-post .sp-pcp-post-details {top: 0; right:0; bottom:0; left:0;}#pcp_wrapper-478 .sp-pcp-post {border: 0px solid #e2e2e2; border-radius: 0px }#pcp_wrapper-478 .sp-pcp-post{background-color: transparent;}#pcp_wrapper-478 .pcp-post-thumb-wrapper{border: 0px solid #dddddd;border-radius:0px;}.pcp-wrapper-478 .sp-pcp-post-meta li,.pcp-wrapper-478 .sp-pcp-post-meta ul,.pcp-wrapper-478 .sp-pcp-post-meta li a{color: #0a0a0a;}.pcp-wrapper-478 .sp-pcp-post-meta li a:hover{color: ;}#pcp_wrapper-478 .pcp-post-pagination .page-numbers.current, #pcp_wrapper-478 .pcp-post-pagination a.active , #pcp_wrapper-478 .pcp-post-pagination a:hover{ color: #ffffff; background: #e1624b; border-color: #e1624b; }#pcp_wrapper-478 .pcp-post-pagination .page-numbers, .pcp-post-pagination a{ background: #ffffff; color:#5e5e5e; border: 2px solid #bbbbbb;border-radius: 2px; }#pcp_wrapper-478 .pcp-post-pagination{text-align: left;}@media (min-width: 1200px) {.sp-pcp-row .sp-pcp-col-xl-1 {flex: 0 0 100%;}.sp-pcp-row .sp-pcp-col-xl-2 {flex: 1 1 calc( 50% - 20px);}.sp-pcp-row .sp-pcp-col-xl-3 {flex: 1 1 calc( 33.333% - 20px);}.sp-pcp-row .sp-pcp-col-xl-4 {flex: 1 1 calc( 25% - 20px);}.sp-pcp-row .sp-pcp-col-xl-5 { flex: 1 1 calc( 20% - 20px);}.sp-pcp-row .sp-pcp-col-xl-6 {flex: 1 1 calc( 16.66666666666667% - 20px);}.sp-pcp-row .sp-pcp-col-xl-7 {flex: 1 1 calc( 14.28571428% - 20px);}.sp-pcp-row .sp-pcp-col-xl-8 {flex: 1 1 calc( 12.5% - 20px);}}@media (max-width: 1200px) {.sp-pcp-row .sp-pcp-col-lg-1 {flex: 0 0 100%;}.sp-pcp-row .sp-pcp-col-lg-2 {flex: 1 1 calc( 50% - 20px);}.sp-pcp-row .sp-pcp-col-lg-3 {flex: 1 1 calc( 33.333% - 20px);}.sp-pcp-row .sp-pcp-col-lg-4 {flex: 1 1 calc( 25% - 20px);}.sp-pcp-row .sp-pcp-col-lg-5 { flex: 1 1 calc( 20% - 20px);}.sp-pcp-row .sp-pcp-col-lg-6 {flex: 1 1 calc( 16.66666666666667% - 20px);}.sp-pcp-row .sp-pcp-col-lg-7 {flex: 1 1 calc( 14.28571428% - 20px);}.sp-pcp-row .sp-pcp-col-lg-8 {flex: 1 1 calc( 12.5% - 20px);}}@media (max-width: 992px) {.sp-pcp-row .sp-pcp-col-md-1 {flex: 0 0 100%;}.sp-pcp-row .sp-pcp-col-md-2 {flex: 1 1 calc( 50% - 20px);}.sp-pcp-row .sp-pcp-col-md-2-5 {flex: 0 0 75%;}.sp-pcp-row .sp-pcp-col-md-3 {flex: 1 1 calc( 33.333% - 20px);}.sp-pcp-row .sp-pcp-col-md-4 {flex: 1 1 calc( 25% - 20px);}.sp-pcp-row .sp-pcp-col-md-5 { flex: 1 1 calc( 20% - 20px);}.sp-pcp-row .sp-pcp-col-md-6 {flex: 1 1 calc( 16.66666666666667% - 20px);}.sp-pcp-row .sp-pcp-col-md-7 {flex: 1 1 calc( 14.28571428% - 20px);}.sp-pcp-row .sp-pcp-col-md-8 {flex: 1 1 calc( 12.5% - 20px);}}@media (max-width: 768px) {.sp-pcp-row .sp-pcp-col-sm-1 {flex: 0 0 100%;}.sp-pcp-row .sp-pcp-col-sm-2 {flex: 1 1 calc( 50% - 20px);}.sp-pcp-row .sp-pcp-col-sm-2-5 {flex: 0 0 75%;}.sp-pcp-row .sp-pcp-col-sm-3 {flex: 1 1 calc( 33.333% - 20px);}.sp-pcp-row .sp-pcp-col-sm-4 {flex: 1 1 calc( 25% - 20px);}.sp-pcp-row .sp-pcp-col-sm-5 { flex: 1 1 calc( 20% - 20px);}.sp-pcp-row .sp-pcp-col-sm-6 {flex: 1 1 calc( 16.66666666666667% - 20px);}.sp-pcp-row .sp-pcp-col-sm-7 {flex: 1 1 calc( 14.28571428% - 20px);}.sp-pcp-row .sp-pcp-col-sm-8 {flex: 1 1 calc( 12.5% - 20px);}}@media (max-width: 420px) {.sp-pcp-row .sp-pcp-col-xs-1 {flex: 0 0 100%;}.sp-pcp-row .sp-pcp-col-xs-2 {flex: 1 1 calc( 50% - 20px);}.sp-pcp-row .sp-pcp-col-xs-3 {flex: 1 1 calc( 33.333% - 20px);}.sp-pcp-row .sp-pcp-col-xs-4 {flex: 1 1 calc( 25% - 20px);}.sp-pcp-row .sp-pcp-col-xs-5 { flex: 1 1 calc( 20% - 20px);}.sp-pcp-row .sp-pcp-col-xs-6 {flex: 1 1 calc( 16.66666666666667% - 20px);}.sp-pcp-row .sp-pcp-col-xs-7 {flex: 1 1 calc( 14.28571428% - 20px);}.sp-pcp-row .sp-pcp-col-xs-8 {flex: 1 1 calc( 12.5% - 20px);}}<\/style>\n<div id=\"pcp_wrapper-478\" class=\"sp-pcp-section sp-pcp-container pcp-wrapper-478\">\n\t<div class=\"sp-pcp-row\">\n\t\t\t\t<div class=\" sp-pcp-col-xs-1 sp-pcp-col-sm-2 sp-pcp-col-md-2 sp-pcp-col-lg-3 sp-pcp-col-xl-3\">\n\t\t\t<div class=\"sp-pcp-post default pcp-item-1205\" data-id=\"1205\">\n\t\t\t\t\t\t\t\t<div class=\"pcp-post-thumb-wrapper\">\n\t\t\t\t\t<div class=\"sp-pcp-post-thumb-area\">\n\t\t\t\t\t\t\t\t\t\t\t\t<a class=\"sp-pcp-thumb\" href=\"https:\/\/augustabarcelona.com\/fr?apartamento=appartement-avec-terrasse-3-4-personnes\" target=\"_self\" >\n\t\t\t\t\t\t\t\t\t\t\t\t\t<img loading=\"lazy\" decoding=\"async\" src=\"https:\/\/augustabarcelona.com\/wp-content\/uploads\/2021\/12\/3-4-t-4.jpg\" width=\"1729\" height=\"1153\" alt=\"\">\n\t\t\t\t\t\t<\/a>\n\t\t\t\t\t<\/div>\n\t\t\t\t<\/div>\n\t\t\t\t\t\t\t\t<div class=\"sp-pcp-post-details\">\n\t\t\t\t\t<div class=\"sp-pcp-post-details-content\">\n\t\t\t\t\t\t\t\t<h2 class=\"sp-pcp-title\">\n\t\t\t\t\t\t\t\t\t<a href=\"https:\/\/augustabarcelona.com\/fr?apartamento=appartement-avec-terrasse-3-4-personnes\"  target=\"_self\">Appartement avec terrasse <br>3 \u2014 5 personnes<\/a>\t\t\t\t\t\t\t<\/h2>\n\t\t\t\t\t\t<div class=\"sp-pcp-post-content\">\n\t\t\t<p>L'appartement se compose d'une salle \u00e0 manger compl\u00e8te tr\u00e8s confortable avec tout le confort (table et chaises, t\u00e9l\u00e9vision et 1 canap\u00e9-lit simple); une cuisine ouverte enti\u00e8rement \u00e9quip\u00e9e avec \u00e9lectrom\u00e9nagers et ustensiles de cuisine ; une sortie directe sur la terrasse, meubl\u00e9e d'une table, chaises, 1 chambre double pour 2 personnes (avec 2 lits simples et possibilit\u00e9 de monter un lit double) et 1 chambre simple ; 1 salle de bain compl\u00e8te.<\/p>\n\t\t<\/div>\n\t\t\t\t\t\t\t\t<\/div>\n\t\t\t\t<\/div>\n\t\t\t<\/div>\n\t\t<\/div>\n\t\t\t\t<div class=\" sp-pcp-col-xs-1 sp-pcp-col-sm-2 sp-pcp-col-md-2 sp-pcp-col-lg-3 sp-pcp-col-xl-3\">\n\t\t\t<div class=\"sp-pcp-post default pcp-item-1204\" data-id=\"1204\">\n\t\t\t\t\t\t\t\t<div class=\"pcp-post-thumb-wrapper\">\n\t\t\t\t\t<div class=\"sp-pcp-post-thumb-area\">\n\t\t\t\t\t\t\t\t\t\t\t\t<a class=\"sp-pcp-thumb\" href=\"https:\/\/augustabarcelona.com\/fr?apartamento=appartement-3-4-personnes\" target=\"_self\" >\n\t\t\t\t\t\t\t\t\t\t\t\t\t<img loading=\"lazy\" decoding=\"async\" src=\"https:\/\/augustabarcelona.com\/wp-content\/uploads\/2021\/12\/3-5-6.jpg\" width=\"1729\" height=\"1153\" alt=\"\">\n\t\t\t\t\t\t<\/a>\n\t\t\t\t\t<\/div>\n\t\t\t\t<\/div>\n\t\t\t\t\t\t\t\t<div class=\"sp-pcp-post-details\">\n\t\t\t\t\t<div class=\"sp-pcp-post-details-content\">\n\t\t\t\t\t\t\t\t<h2 class=\"sp-pcp-title\">\n\t\t\t\t\t\t\t\t\t<a href=\"https:\/\/augustabarcelona.com\/fr?apartamento=appartement-3-4-personnes\"  target=\"_self\">Appartement <br>3 \u2014 5 personnes<\/a>\t\t\t\t\t\t\t<\/h2>\n\t\t\t\t\t\t<div class=\"sp-pcp-post-content\">\n\t\t\t<p>L'appartement se compose d'une salle \u00e0 manger compl\u00e8te tr\u00e8s confortable avec tout le confort (table et chaises, t\u00e9l\u00e9vision et 1 canap\u00e9-lit simple); une cuisine ouverte enti\u00e8rement \u00e9quip\u00e9e en \u00e9lectrom\u00e9nagers et appareils de cuisine, , 1 chambre double pour 2 personnes (avec 2 lits simples et possibilit\u00e9 d'installer un lit double) et 1 chambre simple ; 1 salle de bain compl\u00e8te.<\/p>\n\t\t<\/div>\n\t\t\t\t\t\t\t\t<\/div>\n\t\t\t\t<\/div>\n\t\t\t<\/div>\n\t\t<\/div>\n\t\t\t\t<div class=\" sp-pcp-col-xs-1 sp-pcp-col-sm-2 sp-pcp-col-md-2 sp-pcp-col-lg-3 sp-pcp-col-xl-3\">\n\t\t\t<div class=\"sp-pcp-post default pcp-item-1203\" data-id=\"1203\">\n\t\t\t\t\t\t\t\t<div class=\"pcp-post-thumb-wrapper\">\n\t\t\t\t\t<div class=\"sp-pcp-post-thumb-area\">\n\t\t\t\t\t\t\t\t\t\t\t\t<a class=\"sp-pcp-thumb\" href=\"https:\/\/augustabarcelona.com\/fr?apartamento=appartement-avec-terrasse-3-5-personnes-deluxe\" target=\"_self\" >\n\t\t\t\t\t\t\t\t\t\t\t\t\t<img loading=\"lazy\" decoding=\"async\" src=\"https:\/\/augustabarcelona.com\/wp-content\/uploads\/2021\/12\/3-5-6.jpg\" width=\"1729\" height=\"1153\" alt=\"\">\n\t\t\t\t\t\t<\/a>\n\t\t\t\t\t<\/div>\n\t\t\t\t<\/div>\n\t\t\t\t\t\t\t\t<div class=\"sp-pcp-post-details\">\n\t\t\t\t\t<div class=\"sp-pcp-post-details-content\">\n\t\t\t\t\t\t\t\t<h2 class=\"sp-pcp-title\">\n\t\t\t\t\t\t\t\t\t<a href=\"https:\/\/augustabarcelona.com\/fr?apartamento=appartement-avec-terrasse-3-5-personnes-deluxe\"  target=\"_self\">Appartement avec terrasse <br>3 \u2014 5 personnes Deluxe<\/a>\t\t\t\t\t\t\t<\/h2>\n\t\t\t\t\t\t<div class=\"sp-pcp-post-content\">\n\t\t\t<p>L'appartement se compose d'une salle \u00e0 manger compl\u00e8te tr\u00e8s confortable avec tout le confort (table et chaises, t\u00e9l\u00e9vision et 1 canap\u00e9-lit double); une cuisine ouverte enti\u00e8rement \u00e9quip\u00e9e avec appareils \u00e9lectrom\u00e9nagers et ustensiles de cuisine; une sortie directe sur une grande terrasse, meubl\u00e9e avec table, chaises ; 1 chambre double pour 2 personnes (avec 2 lits simples et possibilit\u00e9 de monter un lit double) et 1 chambre simple ; 1 salle de bain compl\u00e8te.<\/p>\n\t\t<\/div>\n\t\t\t\t\t\t\t\t<\/div>\n\t\t\t\t<\/div>\n\t\t\t<\/div>\n\t\t<\/div>\n\t\t\t\t<div class=\" sp-pcp-col-xs-1 sp-pcp-col-sm-2 sp-pcp-col-md-2 sp-pcp-col-lg-3 sp-pcp-col-xl-3\">\n\t\t\t<div class=\"sp-pcp-post default pcp-item-1202\" data-id=\"1202\">\n\t\t\t\t\t\t\t\t<div class=\"pcp-post-thumb-wrapper\">\n\t\t\t\t\t<div class=\"sp-pcp-post-thumb-area\">\n\t\t\t\t\t\t\t\t\t\t\t\t<a class=\"sp-pcp-thumb\" href=\"https:\/\/augustabarcelona.com\/fr?apartamento=appartement-avec-balcon-2-4-personnes\" target=\"_self\" >\n\t\t\t\t\t\t\t\t\t\t\t\t\t<img loading=\"lazy\" decoding=\"async\" src=\"https:\/\/augustabarcelona.com\/wp-content\/uploads\/2021\/12\/2-4-b-7.jpg\" width=\"1729\" height=\"1153\" alt=\"\">\n\t\t\t\t\t\t<\/a>\n\t\t\t\t\t<\/div>\n\t\t\t\t<\/div>\n\t\t\t\t\t\t\t\t<div class=\"sp-pcp-post-details\">\n\t\t\t\t\t<div class=\"sp-pcp-post-details-content\">\n\t\t\t\t\t\t\t\t<h2 class=\"sp-pcp-title\">\n\t\t\t\t\t\t\t\t\t<a href=\"https:\/\/augustabarcelona.com\/fr?apartamento=appartement-avec-balcon-2-4-personnes\"  target=\"_self\">Appartement avec balcon <br>2 \u2014 4 personnes<\/a>\t\t\t\t\t\t\t<\/h2>\n\t\t\t\t\t\t<div class=\"sp-pcp-post-content\">\n\t\t\t<p>L'appartement se compose d'une salle \u00e0 manger compl\u00e8te avec tout le confort (table et chaises, t\u00e9l\u00e9vision et 1 canap\u00e9-lit double); une cuisine ouverte enti\u00e8rement \u00e9quip\u00e9e avec appareils \u00e9lectrom\u00e9nagers et ustensiles de cuisine; une sortie directe sur la terrasse, meubl\u00e9e avec table et chaises ; 1 chambre pour 2 personnes (avec 2 lits simples et une armoire encastr\u00e9e) ; 1 salle de bain compl\u00e8te.<\/p>\n\t\t<\/div>\n\t\t\t\t\t\t\t\t<\/div>\n\t\t\t\t<\/div>\n\t\t\t<\/div>\n\t\t<\/div>\n\t\t\t\t<div class=\" sp-pcp-col-xs-1 sp-pcp-col-sm-2 sp-pcp-col-md-2 sp-pcp-col-lg-3 sp-pcp-col-xl-3\">\n\t\t\t<div class=\"sp-pcp-post default pcp-item-1201\" data-id=\"1201\">\n\t\t\t\t\t\t\t\t<div class=\"pcp-post-thumb-wrapper\">\n\t\t\t\t\t<div class=\"sp-pcp-post-thumb-area\">\n\t\t\t\t\t\t\t\t\t\t\t\t<a class=\"sp-pcp-thumb\" href=\"https:\/\/augustabarcelona.com\/fr?apartamento=appartement-2-personnes\" target=\"_self\" >\n\t\t\t\t\t\t\t\t\t\t\t\t\t<img loading=\"lazy\" decoding=\"async\" src=\"https:\/\/augustabarcelona.com\/wp-content\/uploads\/2020\/12\/2-3.jpg\" width=\"1729\" height=\"1153\" alt=\"\">\n\t\t\t\t\t\t<\/a>\n\t\t\t\t\t<\/div>\n\t\t\t\t<\/div>\n\t\t\t\t\t\t\t\t<div class=\"sp-pcp-post-details\">\n\t\t\t\t\t<div class=\"sp-pcp-post-details-content\">\n\t\t\t\t\t\t\t\t<h2 class=\"sp-pcp-title\">\n\t\t\t\t\t\t\t\t\t<a href=\"https:\/\/augustabarcelona.com\/fr?apartamento=appartement-2-personnes\"  target=\"_self\">Appartement <br>2 personnes<\/a>\t\t\t\t\t\t\t<\/h2>\n\t\t\t\t\t\t<div class=\"sp-pcp-post-content\">\n\t\t\t<p>L'appartement se compose d'une salle \u00e0 manger compl\u00e8te avec tout le confort (table et chaises, t\u00e9l\u00e9vision), une cuisine ouverte enti\u00e8rement \u00e9quip\u00e9e avec \u00e9lectrom\u00e9nagers et ustensiles de cuisine. un coin nuit pour 2 personnes (avec 2 lits simples et une armoire int\u00e9gr\u00e9e) ; 1 salle de bain compl\u00e8te , le tout dans le m\u00eame environnement.<\/p>\n\t\t<\/div>\n\t\t\t\t\t\t\t\t<\/div>\n\t\t\t\t<\/div>\n\t\t\t<\/div>\n\t\t<\/div>\n\t\t\t\t<div class=\" sp-pcp-col-xs-1 sp-pcp-col-sm-2 sp-pcp-col-md-2 sp-pcp-col-lg-3 sp-pcp-col-xl-3\">\n\t\t\t<div class=\"sp-pcp-post default pcp-item-1200\" data-id=\"1200\">\n\t\t\t\t\t\t\t\t<div class=\"pcp-post-thumb-wrapper\">\n\t\t\t\t\t<div class=\"sp-pcp-post-thumb-area\">\n\t\t\t\t\t\t\t\t\t\t\t\t<a class=\"sp-pcp-thumb\" href=\"https:\/\/augustabarcelona.com\/fr?apartamento=appartement-2-4-personnes\" target=\"_self\" >\n\t\t\t\t\t\t\t\t\t\t\t\t\t<img loading=\"lazy\" decoding=\"async\" src=\"https:\/\/augustabarcelona.com\/wp-content\/uploads\/2021\/12\/2-4-4.jpg\" width=\"1729\" height=\"1153\" alt=\"\">\n\t\t\t\t\t\t<\/a>\n\t\t\t\t\t<\/div>\n\t\t\t\t<\/div>\n\t\t\t\t\t\t\t\t<div class=\"sp-pcp-post-details\">\n\t\t\t\t\t<div class=\"sp-pcp-post-details-content\">\n\t\t\t\t\t\t\t\t<h2 class=\"sp-pcp-title\">\n\t\t\t\t\t\t\t\t\t<a href=\"https:\/\/augustabarcelona.com\/fr?apartamento=appartement-2-4-personnes\"  target=\"_self\">Appartement <br>2 \u2014 4 personnes<\/a>\t\t\t\t\t\t\t<\/h2>\n\t\t\t\t\t\t<div class=\"sp-pcp-post-content\">\n\t\t\t<p>L'appartement se compose d'une salle \u00e0 manger compl\u00e8te avec tout le confort (table et chaises, t\u00e9l\u00e9vision et 1 canap\u00e9-lit double); une cuisine ouverte enti\u00e8rement \u00e9quip\u00e9e avec appareils \u00e9lectrom\u00e9nagers et ustensiles de cuisine; 1 chambre pour 2 personnes (avec 2 lits simples et une armoire encastr\u00e9e) ; 1 salle de bain compl\u00e8te.<\/p>\n\t\t<\/div>\n\t\t\t\t\t\t\t\t<\/div>\n\t\t\t\t<\/div>\n\t\t\t<\/div>\n\t\t<\/div>\n\t\t\t\t<div class=\" sp-pcp-col-xs-1 sp-pcp-col-sm-2 sp-pcp-col-md-2 sp-pcp-col-lg-3 sp-pcp-col-xl-3\">\n\t\t\t<div class=\"sp-pcp-post default pcp-item-1199\" data-id=\"1199\">\n\t\t\t\t\t\t\t\t<div class=\"pcp-post-thumb-wrapper\">\n\t\t\t\t\t<div class=\"sp-pcp-post-thumb-area\">\n\t\t\t\t\t\t\t\t\t\t\t\t<a class=\"sp-pcp-thumb\" href=\"https:\/\/augustabarcelona.com\/fr?apartamento=penthouse-3-5-personnes-deluxe\" target=\"_self\" >\n\t\t\t\t\t\t\t\t\t\t\t\t\t<img loading=\"lazy\" decoding=\"async\" src=\"https:\/\/augustabarcelona.com\/wp-content\/uploads\/2021\/12\/3-4-a-d-4.jpg\" width=\"1729\" height=\"1153\" alt=\"\">\n\t\t\t\t\t\t<\/a>\n\t\t\t\t\t<\/div>\n\t\t\t\t<\/div>\n\t\t\t\t\t\t\t\t<div class=\"sp-pcp-post-details\">\n\t\t\t\t\t<div class=\"sp-pcp-post-details-content\">\n\t\t\t\t\t\t\t\t<h2 class=\"sp-pcp-title\">\n\t\t\t\t\t\t\t\t\t<a href=\"https:\/\/augustabarcelona.com\/fr?apartamento=penthouse-3-5-personnes-deluxe\"  target=\"_self\">Penthouse <br>3 \u2014 5 personnes Deluxe<\/a>\t\t\t\t\t\t\t<\/h2>\n\t\t\t\t\t\t<div class=\"sp-pcp-post-content\">\n\t\t\t<p>L'appartement se compose d'une salle \u00e0 manger compl\u00e8te tr\u00e8s confortable avec tout le confort (table et chaises, t\u00e9l\u00e9vision et 1 canap\u00e9-lit double); une cuisine ouverte enti\u00e8rement \u00e9quip\u00e9e avec appareils \u00e9lectrom\u00e9nagers et ustensiles de cuisine; une sortie directe sur une grande terrasse, meubl\u00e9e avec table, chaises ; 1 chambre double pour 2 personnes (avec 2 lits simples et possibilit\u00e9 de monter un lit double) et 1 chambre simple ; 1 salle de bain compl\u00e8te.<\/p>\n\t\t<\/div>\n\t\t\t\t\t\t\t\t<\/div>\n\t\t\t\t<\/div>\n\t\t\t<\/div>\n\t\t<\/div>\n\t\t\t\t<div class=\" sp-pcp-col-xs-1 sp-pcp-col-sm-2 sp-pcp-col-md-2 sp-pcp-col-lg-3 sp-pcp-col-xl-3\">\n\t\t\t<div class=\"sp-pcp-post default pcp-item-1198\" data-id=\"1198\">\n\t\t\t\t\t\t\t\t<div class=\"pcp-post-thumb-wrapper\">\n\t\t\t\t\t<div class=\"sp-pcp-post-thumb-area\">\n\t\t\t\t\t\t\t\t\t\t\t\t<a class=\"sp-pcp-thumb\" href=\"https:\/\/augustabarcelona.com\/fr?apartamento=appartement-adapte2-personnes\" target=\"_self\" >\n\t\t\t\t\t\t\t\t\t\t\t\t\t<img loading=\"lazy\" decoding=\"async\" src=\"https:\/\/augustabarcelona.com\/wp-content\/uploads\/2020\/12\/2-3.jpg\" width=\"1729\" height=\"1153\" alt=\"\">\n\t\t\t\t\t\t<\/a>\n\t\t\t\t\t<\/div>\n\t\t\t\t<\/div>\n\t\t\t\t\t\t\t\t<div class=\"sp-pcp-post-details\">\n\t\t\t\t\t<div class=\"sp-pcp-post-details-content\">\n\t\t\t\t\t\t\t\t<h2 class=\"sp-pcp-title\">\n\t\t\t\t\t\t\t\t\t<a href=\"https:\/\/augustabarcelona.com\/fr?apartamento=appartement-adapte2-personnes\"  target=\"_self\">Appartement adapt\u00e9<br>2 personnes<\/a>\t\t\t\t\t\t\t<\/h2>\n\t\t\t\t\t\t<div class=\"sp-pcp-post-content\">\n\t\t\t<p>L'appartement se compose d'une salle \u00e0 manger compl\u00e8te avec tout le confort (table et chaises, t\u00e9l\u00e9vision et 1 canap\u00e9-lit double); une cuisine ouverte enti\u00e8rement \u00e9quip\u00e9e avec appareils \u00e9lectrom\u00e9nagers et ustensiles de cuisine;<br \/>\n; 1 salle de bain complete tout adapt\u00e9 aux personnes \u00e0 mobilit\u00e9 r\u00e9duite.<\/p>\n\t\t<\/div>\n\t\t\t\t\t\t\t\t<\/div>\n\t\t\t\t<\/div>\n\t\t\t<\/div>\n\t\t<\/div>\n\t\t\t<\/div>\n\t\t<span class=\"sp-pcp-pagination-data\" style=\"display:none;\"><\/span>\n\n\t\t<nav class=\"pcp-post-pagination pcp-on-desktop\">\n\t\t\t\t\t<\/nav>\n\t\t\t\t\t<nav class=\"pcp-post-pagination pcp-on-mobile\">\n\t\t\t\t\t<\/nav>\n\t\t\t\t<\/div>\n\r\n<\/section>\n\n<div style=\"height:80px\" aria-hidden=\"true\" class=\"wp-block-spacer\"><\/div>\n\n<div class=\"wp-block-columns alignfull is-layout-flex wp-container-core-columns-is-layout-28f84493 wp-block-columns-is-layout-flex\">\n<div class=\"wp-block-column imgInf is-layout-flow wp-block-column-is-layout-flow\">\n<figure class=\"wp-block-image alignfull size-full imgInf\"><img loading=\"lazy\" decoding=\"async\" width=\"2180\" height=\"602\" src=\"https:\/\/augustabarcelona.com\/wp-content\/uploads\/2021\/12\/augusta-hor.jpg\" alt=\"\" class=\"wp-image-304\" srcset=\"https:\/\/augustabarcelona.com\/wp-content\/uploads\/2021\/12\/augusta-hor.jpg 2180w, https:\/\/augustabarcelona.com\/wp-content\/uploads\/2021\/12\/augusta-hor-300x83.jpg 300w, https:\/\/augustabarcelona.com\/wp-content\/uploads\/2021\/12\/augusta-hor-1024x283.jpg 1024w, https:\/\/augustabarcelona.com\/wp-content\/uploads\/2021\/12\/augusta-hor-768x212.jpg 768w, https:\/\/augustabarcelona.com\/wp-content\/uploads\/2021\/12\/augusta-hor-1536x424.jpg 1536w, https:\/\/augustabarcelona.com\/wp-content\/uploads\/2021\/12\/augusta-hor-2048x566.jpg 2048w\" sizes=\"auto, (max-width: 2180px) 100vw, 2180px\" \/><\/figure><\/div>\n<\/div>\n","protected":false},"excerpt":{"rendered":"<p>Appartements Profitez de l&rsquo;h\u00e9bergement dans cet aparthotel.<\/p>\n","protected":false},"author":1,"featured_media":0,"parent":0,"menu_order":0,"comment_status":"closed","ping_status":"closed","template":"","meta":{"site-sidebar-layout":"default","site-content-layout":"","ast-site-content-layout":"default","site-content-style":"default","site-sidebar-style":"default","ast-global-header-display":"","ast-banner-title-visibility":"","ast-main-header-display":"","ast-hfb-above-header-display":"","ast-hfb-below-header-display":"","ast-hfb-mobile-header-display":"","site-post-title":"disabled","ast-breadcrumbs-content":"","ast-featured-img":"","footer-sml-layout":"","theme-transparent-header-meta":"","adv-header-id-meta":"","stick-header-meta":"","header-above-stick-meta":"","header-main-stick-meta":"","header-below-stick-meta":"","astra-migrate-meta-layouts":"default","ast-page-background-enabled":"default","ast-page-background-meta":{"desktop":{"background-color":"var(--ast-global-color-4)","background-image":"","background-repeat":"repeat","background-position":"center center","background-size":"auto","background-attachment":"scroll","background-type":"","background-media":"","overlay-type":"","overlay-color":"","overlay-opacity":"","overlay-gradient":""},"tablet":{"background-color":"","background-image":"","background-repeat":"repeat","background-position":"center center","background-size":"auto","background-attachment":"scroll","background-type":"","background-media":"","overlay-type":"","overlay-color":"","overlay-opacity":"","overlay-gradient":""},"mobile":{"background-color":"","background-image":"","background-repeat":"repeat","background-position":"center center","background-size":"auto","background-attachment":"scroll","background-type":"","background-media":"","overlay-type":"","overlay-color":"","overlay-opacity":"","overlay-gradient":""}},"ast-content-background-meta":{"desktop":{"background-color":"var(--ast-global-color-5)","background-image":"","background-repeat":"repeat","background-position":"center center","background-size":"auto","background-attachment":"scroll","background-type":"","background-media":"","overlay-type":"","overlay-color":"","overlay-opacity":"","overlay-gradient":""},"tablet":{"background-color":"var(--ast-global-color-5)","background-image":"","background-repeat":"repeat","background-position":"center center","background-size":"auto","background-attachment":"scroll","background-type":"","background-media":"","overlay-type":"","overlay-color":"","overlay-opacity":"","overlay-gradient":""},"mobile":{"background-color":"var(--ast-global-color-5)","background-image":"","background-repeat":"repeat","background-position":"center center","background-size":"auto","background-attachment":"scroll","background-type":"","background-media":"","overlay-type":"","overlay-color":"","overlay-opacity":"","overlay-gradient":""}},"footnotes":""},"class_list":["post-1211","page","type-page","status-publish","hentry"],"_links":{"self":[{"href":"https:\/\/augustabarcelona.com\/fr\/index.php?rest_route=\/wp\/v2\/pages\/1211","targetHints":{"allow":["GET"]}}],"collection":[{"href":"https:\/\/augustabarcelona.com\/fr\/index.php?rest_route=\/wp\/v2\/pages"}],"about":[{"href":"https:\/\/augustabarcelona.com\/fr\/index.php?rest_route=\/wp\/v2\/types\/page"}],"author":[{"embeddable":true,"href":"https:\/\/augustabarcelona.com\/fr\/index.php?rest_route=\/wp\/v2\/users\/1"}],"replies":[{"embeddable":true,"href":"https:\/\/augustabarcelona.com\/fr\/index.php?rest_route=%2Fwp%2Fv2%2Fcomments&post=1211"}],"version-history":[{"count":0,"href":"https:\/\/augustabarcelona.com\/fr\/index.php?rest_route=\/wp\/v2\/pages\/1211\/revisions"}],"wp:attachment":[{"href":"https:\/\/augustabarcelona.com\/fr\/index.php?rest_route=%2Fwp%2Fv2%2Fmedia&parent=1211"}],"curies":[{"name":"wp","href":"https:\/\/api.w.org\/{rel}","templated":true}]}}